{"id":51,"date":"2021-01-23T13:39:20","date_gmt":"2021-01-23T12:39:20","guid":{"rendered":"http:\/\/osteopathiemitherz-badenhausen.de\/?page_id=51"},"modified":"2021-11-25T22:17:51","modified_gmt":"2021-11-25T21:17:51","slug":"oeffentliches-verfahren","status":"publish","type":"page","link":"https:\/\/osteopathiemitherz-badenhausen.de\/?page_id=51","title":{"rendered":"\u00d6ffentliches Verfahren"},"content":{"rendered":"\n<ul class=\"wp-block-list\"><li>Das Bundesdatenschutzgesetz (BDSG) schreibt im \u00a7 4g vor, dass der Beauftragte f\u00fcr den Datenschutz jedermann in geeigneter Weise die Angaben entsprechend \u00a7 4e BDSG auf Antrag verf\u00fcgbar zu machen hat. Diese und weitere Angaben sind beim Datenschutzbeauftragten der Praxis M. Kothe in einer umfangreichen und detaillierten \u00dcbersicht erfasst. Um Ihnen eine erste Orientierung zu geben, stellen wir im Folgenden wesentliche Angaben zusammengefasst dar. Auf Anforderung teilen wir Ihnen gerne mit, ob Daten zu Ihrer Person und in welchem Verfahren automatisierter Verarbeitung m\u00f6glicherweise Ihre Daten gespeichert sind und um welche Daten es sich handelt. Ihr Recht auf Auskunft gem\u00e4\u00df \u00a7 34 BDSG wird hierdurch nicht eingeschr\u00e4nkt.<\/li><\/ul>\n\n\n\n<p><strong>1. Name der verantwortlichen Stelle<\/strong><br>Praxis Stephanie Klemmt<\/p>\n\n\n\n<p><strong>2. Gesch\u00e4ftsf\u00fchrer<\/strong><br>Stephanie Klemmt<\/p>\n\n\n\n<p><strong>Beauftragter Leiter der Datenverarbeitung<\/strong><br>Stephanie Klemmt<\/p>\n\n\n\n<p><strong>3. Anschrift der verantwortlichen Stelle<\/strong><br>Th\u00fcringer Str. 227<br>37539 Bad Grund-Badenhausen<\/p>\n\n\n\n<p><strong>4. Zweckbestimmung der Datenerhebung, -verarbeitung oder -nutzung<\/strong><br>Gegenstand des Unternehmens ist die Behandlung von<br>Patienten.<\/p>\n\n\n\n<p><strong>5. Beschreibung der betroffenen Personengruppe und der diesbez\u00fcglichen<\/strong>&nbsp;<strong>Daten oder Datenkategorien, Patienten\/Kundendaten, Mitarbeiterdaten sowie Daten von Lieferanten, sofern diese zur Erf\u00fcllung der unter 4. genannten Zwecke erforderlich sind.<\/strong><br>Auf Anforderung teilen wir Ihnen gerne mit, in welchem Verfahren m\u00f6glicherweise Ihre Daten gespeichert sind und um welche Daten es sich handelt.<\/p>\n\n\n\n<p><strong>Patienten\/Kunden:<\/strong><br>Adress-, Kommunikations-, Vertragsdaten Ansprechpartner, freiwillige Angaben des Betroffenen, Krankenversicherung sowie k\u00f6rperliche Daten (Gr\u00f6\u00dfe, Gewicht, etc.).<\/p>\n\n\n\n<p><strong>Lieferanten:<\/strong><br>Adress-, Vertrags-, Abrechnungs-, Kommunikationsdaten, Ansprechpartner, Preis und Produktinformationen, freiwillige Angaben des Betroffenen<\/p>\n\n\n\n<p><strong>Interessenten:<\/strong><br>Adress-, Kommunikationsdaten, Ansprechpartner, freiwillige Angaben des Betroffenen<\/p>\n\n\n\n<p><strong>Mitarbeiter:<\/strong><br>Namen, Adressen, Sozialversicherungs- und steuerrechtliche Daten, sonstige Personaldaten, Arbeitszeiten, Urlaubsdaten<\/p>\n\n\n\n<p><strong>6. Empf\u00e4nger oder Kategorien von Empf\u00e4ngern, denen die Daten mitgeteilt werden k\u00f6nnen:<\/strong><br>Interne Stellen, die an jeweiligen Gesch\u00e4ftsprozessen beteiligt sind.<br>\u00d6ffentliche Stellen im Rahmen einer vorrangigen Rechtsvorschrift, Auftragnehmer im Rahmen eines Partner-verh\u00e4ltnisses nach \u00a7 11 BDSG f\u00fcr die Erf\u00fcllung der Zweckbestimmung.<\/p>\n\n\n\n<p><strong>7. Regelfristen f\u00fcr die L\u00f6schung der Daten<\/strong><br>Aufgrund gesetzlicher Bestimmungen gelten vielf\u00e4ltige Aufbewahrungspflichten und -fristen. Nach Ablauf dieser Fristen werden die entsprechenden Daten routinem\u00e4\u00dfig gel\u00f6scht. Sofern Daten hiervon nicht ber\u00fchrt sind, werden sie gel\u00f6scht, wenn die unter 4. genannten Zwecke wegfallen.<\/p>\n\n\n\n<p><strong>8. Geplante Daten\u00fcbermittlung an Drittstaaten<\/strong><br>Eine \u00dcbermittlung an Drittstaaten ist nicht geplant.<\/p>\n\n\n\n<p><strong>\u00d6ffentliches Verfahrensverzeichnis (BDSG \u00a7 4g und 4e):<\/strong><br>Der Beauftragte f\u00fcr den Datenschutz stellt hiermit jedermann die geforderten gesetzlichen Angaben zur Verf\u00fcgung.<\/p>\n\n\n\n<p><strong>Name der verantwortlichen Stelle:<\/strong><br>Stephanie Klemmt<\/p>\n\n\n\n<p><strong>Anschrift der verantwortlichen Stelle:<\/strong><br>Th\u00fcringer Str. 227<br>37539 Bad Grund &#8211; Badenhausen<\/p>\n\n\n\n<p>Telefon 05522\/8686633<br>Telefax 05522\/8686640<br>E-Mail info(at)osteopathiemitherz-badenhausen.de<\/p>\n","protected":false},"excerpt":{"rendered":"<p>Das Bundesdatenschutzgesetz (BDSG) schreibt im \u00a7 4g vor, dass der Beauftragte f\u00fcr den Datenschutz jedermann in geeigneter Weise die Angaben entsprechend \u00a7 4e BDSG auf Antrag verf\u00fcgbar zu machen hat. Diese und weitere Angaben sind beim Datenschutzbeauftragten der Praxis M. Kothe in einer umfangreichen und detaillierten \u00dcbersicht erfasst. Um Ihnen eine erste Orientierung zu geben, &hellip; <\/p>\n<p class=\"link-more\"><a href=\"https:\/\/osteopathiemitherz-badenhausen.de\/?page_id=51\" class=\"more-link\"><span class=\"screen-reader-text\">\u201e\u00d6ffentliches Verfahren\u201c<\/span> weiterlesen<\/a><\/p>\n","protected":false},"author":1,"featured_media":0,"parent":0,"menu_order":0,"comment_status":"closed","ping_status":"closed","template":"","meta":{"footnotes":""},"class_list":["post-51","page","type-page","status-publish","hentry"],"_links":{"self":[{"href":"https:\/\/osteopathiemitherz-badenhausen.de\/index.php?rest_route=\/wp\/v2\/pages\/51","targetHints":{"allow":["GET"]}}],"collection":[{"href":"https:\/\/osteopathiemitherz-badenhausen.de\/index.php?rest_route=\/wp\/v2\/pages"}],"about":[{"href":"https:\/\/osteopathiemitherz-badenhausen.de\/index.php?rest_route=\/wp\/v2\/types\/page"}],"author":[{"embeddable":true,"href":"https:\/\/osteopathiemitherz-badenhausen.de\/index.php?rest_route=\/wp\/v2\/users\/1"}],"replies":[{"embeddable":true,"href":"https:\/\/osteopathiemitherz-badenhausen.de\/index.php?rest_route=%2Fwp%2Fv2%2Fcomments&post=51"}],"version-history":[{"count":2,"href":"https:\/\/osteopathiemitherz-badenhausen.de\/index.php?rest_route=\/wp\/v2\/pages\/51\/revisions"}],"predecessor-version":[{"id":77,"href":"https:\/\/osteopathiemitherz-badenhausen.de\/index.php?rest_route=\/wp\/v2\/pages\/51\/revisions\/77"}],"wp:attachment":[{"href":"https:\/\/osteopathiemitherz-badenhausen.de\/index.php?rest_route=%2Fwp%2Fv2%2Fmedia&parent=51"}],"curies":[{"name":"wp","href":"https:\/\/api.w.org\/{rel}","templated":true}]}}